{"id":1347,"date":"2025-06-25T11:40:08","date_gmt":"2025-06-25T10:40:08","guid":{"rendered":"https:\/\/oscar-spin.com\/promotions\/"},"modified":"2026-01-28T08:46:26","modified_gmt":"2026-01-28T08:46:26","slug":"promotions","status":"publish","type":"page","link":"https:\/\/oscar-spin.com\/es\/promotions\/","title":{"rendered":"Promociones"},"content":{"rendered":"<h1>Promociones del casino Oscarspin<\/h1>\n<p>Sabemos que la emoci\u00f3n de conseguir una gran ganancia en las m\u00e1quinas tragamonedas o en los juegos de casino en vivo ya es gratificante para muchos jugadores que eligen nuestra plataforma, pero tambi\u00e9n puedes aprovechar el enorme sistema de Oscarspin Casino bono.<\/p>\n<p>Trabajamos constantemente para ofrecer a nuestros jugadores ofertas m\u00e1s rentables. Desde un paquete de bienvenida por valor de hasta 4.500 \u20ac + 350 tiradas gratis hasta promociones semanales y bonos especiales por dep\u00f3sito, Oscar Spin, estamos aqu\u00ed para que disfrutes a\u00fan m\u00e1s de tu tiempo en nuestra plataforma.<\/p>\n<p>Tanto si eres un cliente habitual de Espa\u00f1a que solo viene a echar un vistazo como si eres un jugador nuevo que busca sacar el m\u00e1ximo partido al juego, los c\u00f3digos promocionales de Oscarspin est\u00e1n dise\u00f1ados para ofrecerte m\u00e1s giros, fondos de bonificaci\u00f3n y un mundo infinito de diversi\u00f3n.<\/p>\n<p><span style=\"font-size: 16px\"><div class=\"banner-wrap\" aria-label=\"Banner\"><img src=\"https:\/\/oscar-spin.com\/wp-content\/uploads\/2025\/04\/qV98MiGlrWfv9SUBT6X3.png\" class=\"w-100 d-none d-lg-block img-pc main-banner-img\" alt=\"qV98MiGlrWfv9SUBT6X3\" fetchpriority=\"high\" decoding=\"async\"><img src=\"https:\/\/oscar-spin.com\/wp-content\/uploads\/2025\/04\/C7eL68xGtSWqnTHk28sa.png\" class=\"w-100 d-none d-md-block d-lg-none main-banner-img\" alt=\"C7eL68xGtSWqnTHk28sa\" fetchpriority=\"high\" decoding=\"async\"><img src=\"https:\/\/oscar-spin.com\/wp-content\/uploads\/2025\/04\/C7eL68xGtSWqnTHk28sa.png\" class=\"w-100 d-md-none\" alt=\"C7eL68xGtSWqnTHk28sa\" fetchpriority=\"high\" decoding=\"async\"><div class=\"banner-description\">\n<div class=\"banner-title\">Bonos de bienvenida<\/div>\n<p class=\"banner-header-title\">\u20ac4,500<\/p>\n<div class=\"banner-header-AdditionalText\">+ 350 Giros Gratis<\/div>\n<p>&nbsp;<\/p>\n<div class=\"m-button-content\"><button data-item=\"homepage_banner_link\" class=\"goto m-button m-gradient-border m-button--primary m-button--large banner-button btn-orange\">\n            <div class=\"m-button-content\">\n                <span>Reg\u00edstrate ahora en Oscar Spin Casino<\/span>\n                <span><\/span>\n            <\/div>\n        <\/button><\/div>\n<p>&nbsp;<\/p>\n<\/div>\n<div class=\"WelcomePack\">\n<p><img decoding=\"async\" src=\"https:\/\/cdn.aramuz.net\/front\/components\/home\/welcome-crown.svg\" alt=\"crown\" \/><\/p>\n<div class=\"WelcomePack-Info\">Cashback semanal de hasta el 25%<\/div>\n<p><img decoding=\"async\" src=\"https:\/\/cdn.aramuz.net\/front\/components\/home\/welcome-crown.svg\" alt=\"crown\" \/><\/p>\n<\/div>\n<\/div><div class=\"promotions-wrap\"><div class=\"promotion-card\" style=\"background-image: url(https:\/\/oscar-spin.com\/wp-content\/uploads\/2025\/06\/Zq9ZJfeaWWwXwIeWxein.png);\"><h2 class=\"promotion-card__title\">Bono de primer dep\u00f3sito <\/h2><label class=\"promotion-card__offer\"><\/label><label class=\"promotion-card__description\">Para que comiences tu aventura en el mundo de los juegos con Oscar Spin de la forma m\u00e1s rentable posible, te ofrecemos un incre\u00edble bono por primer dep\u00f3sito que te permitir\u00e1 jugar m\u00e1s desde el principio. Puedes obtener un 150 % hasta 1.500 \u20ac y 100 tiradas gratis. El bono estar\u00e1 disponible en un plazo de 7 d\u00edas tras su activaci\u00f3n.\r\n<\/label><div class=\"promotion-card__actions\"><button data-item=\"payments_link\" data-group=\"website_links\" class=\"goto btn btn-orange rounded-pill fw-bold px-4 m-button m-gradient-border m-button--primary m-button--large promotion-button promotion-card__action-btn\" aria-label=\"Reg\u00edstrate ahora\"><div class=\"m-button-content\"><span class=\"promotion-button__content\">Reg\u00edstrate ahora<\/span><\/div><\/button><button data-item=\"http:\/\/bonus_link\" data-group=\"website_links\" class=\"goto m-button m-gradient-border m-button--secondary m-button--medium promotion-card__info-btn\" aria-label=\"More information\"><div class=\"m-button-content\"><svg viewBox=\"0 0 24 24\" fill=\"none\" xmlns=\"http:\/\/www.w3.org\/2000\/svg\" class=\"m-icon m-icon-loadable\" name=\"Attention\" loading=\"false\" aria-hidden=\"true\"><path d=\"M12 22C6.477 22 2 17.522 2 12S6.477 2 12 2s10 4.478 10 10-4.477 10-10 10m-.002-13.004a.999.999 0 1 0 0-1.997.999.999 0 0 0 0 1.997M12 17a1 1 0 0 0 .993-.884L13 16l-.002-5.001-.007-.117a1 1 0 0 0-1.986 0l-.007.117L11 16l.007.117A1 1 0 0 0 12 17\" fill=\"currentColor\"><\/path><\/svg><\/div><\/button><\/div><\/div><div class=\"promotion-card\" style=\"background-image: url(https:\/\/oscar-spin.com\/wp-content\/uploads\/2025\/06\/nF0jeLEFcLXPPg8rIFlp.png);\"><h2 class=\"promotion-card__title\">Bono de segundo dep\u00f3sito<\/h2><label class=\"promotion-card__offer\"><\/label><label class=\"promotion-card__description\">Las ganancias no se detienen despu\u00e9s de tu primer dep\u00f3sito. Estamos aqu\u00ed para asegurarnos de que tu experiencia de juego contin\u00fae con a\u00fan m\u00e1s recompensas. Sigue ganando con un bono del 75 % hasta 4.500 \u20ac. Tambi\u00e9n recibir\u00e1s otras 150 tiradas gratis. El requisito de apuesta para todas las partes del paquete es de x35.\r\n<\/label><div class=\"promotion-card__actions\"><button data-item=\"payments_link\" data-group=\"website_links\" class=\"goto btn btn-orange rounded-pill fw-bold px-4 m-button m-gradient-border m-button--primary m-button--large promotion-button promotion-card__action-btn\" aria-label=\"Reg\u00edstrate ahora\"><div class=\"m-button-content\"><span class=\"promotion-button__content\">Reg\u00edstrate ahora<\/span><\/div><\/button><button data-item=\"http:\/\/bonus_link\" data-group=\"website_links\" class=\"goto m-button m-gradient-border m-button--secondary m-button--medium promotion-card__info-btn\" aria-label=\"More information\"><div class=\"m-button-content\"><svg viewBox=\"0 0 24 24\" fill=\"none\" xmlns=\"http:\/\/www.w3.org\/2000\/svg\" class=\"m-icon m-icon-loadable\" name=\"Attention\" loading=\"false\" aria-hidden=\"true\"><path d=\"M12 22C6.477 22 2 17.522 2 12S6.477 2 12 2s10 4.478 10 10-4.477 10-10 10m-.002-13.004a.999.999 0 1 0 0-1.997.999.999 0 0 0 0 1.997M12 17a1 1 0 0 0 .993-.884L13 16l-.002-5.001-.007-.117a1 1 0 0 0-1.986 0l-.007.117L11 16l.007.117A1 1 0 0 0 12 17\" fill=\"currentColor\"><\/path><\/svg><\/div><\/button><\/div><\/div><div class=\"promotion-card\" style=\"background-image: url(https:\/\/oscar-spin.com\/wp-content\/uploads\/2025\/06\/xVX4JrIhrzYhHDrmclGw.png);\"><h2 class=\"promotion-card__title\">Bono de tercer dep\u00f3sito<\/h2><label class=\"promotion-card__offer\"><\/label><label class=\"promotion-card__description\">Oscarspin Casino mejora a\u00fan m\u00e1s la oferta al ampliar el bono de bienvenida hasta tu tercer dep\u00f3sito. Puedes reclamar un bono del 100 % hasta 4.500 \u20ac + 100 tiradas gratis, lo que eleva el valor total del paquete de bienvenida a la impresionante cantidad de 4.500 \u20ac. Despu\u00e9s de activar cada parte, obtendr\u00e1s 50 tiradas gratis diarias.\r\n<\/label><div class=\"promotion-card__actions\"><button data-item=\"payments_link\" data-group=\"website_links\" class=\"goto btn btn-orange rounded-pill fw-bold px-4 m-button m-gradient-border m-button--primary m-button--large promotion-button promotion-card__action-btn\" aria-label=\"Reg\u00edstrate ahora\"><div class=\"m-button-content\"><span class=\"promotion-button__content\">Reg\u00edstrate ahora<\/span><\/div><\/button><button data-item=\"http:\/\/bonus_link\" data-group=\"website_links\" class=\"goto m-button m-gradient-border m-button--secondary m-button--medium promotion-card__info-btn\" aria-label=\"More information\"><div class=\"m-button-content\"><svg viewBox=\"0 0 24 24\" fill=\"none\" xmlns=\"http:\/\/www.w3.org\/2000\/svg\" class=\"m-icon m-icon-loadable\" name=\"Attention\" loading=\"false\" aria-hidden=\"true\"><path d=\"M12 22C6.477 22 2 17.522 2 12S6.477 2 12 2s10 4.478 10 10-4.477 10-10 10m-.002-13.004a.999.999 0 1 0 0-1.997.999.999 0 0 0 0 1.997M12 17a1 1 0 0 0 .993-.884L13 16l-.002-5.001-.007-.117a1 1 0 0 0-1.986 0l-.007.117L11 16l.007.117A1 1 0 0 0 12 17\" fill=\"currentColor\"><\/path><\/svg><\/div><\/button><\/div><\/div><div class=\"promotion-card\" style=\"background-image: url(https:\/\/oscar-spin.com\/wp-content\/uploads\/2025\/06\/7HrD81FggHEcaH8Dwqz9.png);\"><h2 class=\"promotion-card__title\">Torneo Spinoleague<\/h2><label class=\"promotion-card__offer\"><\/label><label class=\"promotion-card__description\">El Torneo Spinoleague es la competici\u00f3n de tragaperras m\u00e1s codiciada, con un enorme premio de 12.000.000 \u20ac en juego. El torneo es tu oportunidad de oro para girar y conseguir riquezas extraordinarias. Se divide en muchas rondas y te ofrece la oportunidad de jugar a las m\u00e1quinas tragaperras de Spinomenal para ganar puntos y ganar.\r\n<\/label><div class=\"promotion-card__actions\"><button data-item=\"payments_link\" data-group=\"website_links\" class=\"goto btn btn-orange rounded-pill fw-bold px-4 m-button m-gradient-border m-button--primary m-button--large promotion-button promotion-card__action-btn\" aria-label=\"Reg\u00edstrate ahora\"><div class=\"m-button-content\"><span class=\"promotion-button__content\">Reg\u00edstrate ahora<\/span><\/div><\/button><button data-item=\"http:\/\/bonus_link\" data-group=\"website_links\" class=\"goto m-button m-gradient-border m-button--secondary m-button--medium promotion-card__info-btn\" aria-label=\"More information\"><div class=\"m-button-content\"><svg viewBox=\"0 0 24 24\" fill=\"none\" xmlns=\"http:\/\/www.w3.org\/2000\/svg\" class=\"m-icon m-icon-loadable\" name=\"Attention\" loading=\"false\" aria-hidden=\"true\"><path d=\"M12 22C6.477 22 2 17.522 2 12S6.477 2 12 2s10 4.478 10 10-4.477 10-10 10m-.002-13.004a.999.999 0 1 0 0-1.997.999.999 0 0 0 0 1.997M12 17a1 1 0 0 0 .993-.884L13 16l-.002-5.001-.007-.117a1 1 0 0 0-1.986 0l-.007.117L11 16l.007.117A1 1 0 0 0 12 17\" fill=\"currentColor\"><\/path><\/svg><\/div><\/button><\/div><\/div><\/div><div class=\"scrollable-content-wrap my-5\"><div class=\"scrollable-content-inner\"><h2>Bonos sin dep\u00f3sito de Oscarspin Casino<\/h2>\n<p>Oscarspin Casino ofrece varios bonos sin dep\u00f3sito para que tanto los jugadores nuevos como los habituales puedan disfrutar de ellos de inmediato. Podr\u00e1s beneficiarte de valiosas recompensas como Cashback y Rakeback sin necesidad de realizar un dep\u00f3sito, lo que te permitir\u00e1 obtener recompensas solo por jugar.<\/p>\n<ul>\n<li>Programa de recomendaci\u00f3n. En la configuraci\u00f3n de tu cuenta personal, encontrar\u00e1s un enlace que se ha generado especialmente para ti. Puedes compartirlo con tus amigos. Cada persona que se registre con ese enlace te reportar\u00e1 una recompensa.<\/li>\n<li>Bonificaci\u00f3n de reembolso. En Oscar Spin Casino, entendemos que la suerte puede ser impredecible. Por eso ofrecemos una bonificaci\u00f3n de reembolso semanal para ayudar a suavizar el golpe de las p\u00e9rdidas. Cada semana, puedes recuperar hasta el 15 % de tus p\u00e9rdidas netas, lo que te da una segunda oportunidad para jugar y ganar.<\/li>\n<\/ul>\n<h2>Bonos VIP de Oscarspin Casino<\/h2>\n<p>No solo valoramos la lealtad, sino que tambi\u00e9n la recompensamos. Nuestro programa VIP est\u00e1 dise\u00f1ado para ofrecer a los jugadores m\u00e1s fieles acceso a bonificaciones exclusivas, un servicio m\u00e1s r\u00e1pido y recompensas premium a medida que ascienden en la clasificaci\u00f3n. Cuanto m\u00e1s juegues, mejores ser\u00e1n las ventajas. A continuaci\u00f3n te mostramos un desglose de los niveles VIP:<\/p>\n<ul>\n<li>Todos los nuevos jugadores comienzan en el nivel Bronce. Aqu\u00ed podr\u00e1s disfrutar de bonificaciones semanales de recarga los domingos y giros gratis, as\u00ed como de la oportunidad de ganar puntos que te ayudar\u00e1n a subir de nivel.<\/li>\n<li>Los miembros Silver disfrutan de mayores ventajas, incluyendo bonificaciones por recarga m\u00e1s elevadas, rakeback instant\u00e1neo, ofertas de reembolso y un aumento de los puntos por apuestas y dep\u00f3sitos.<\/li>\n<li>Para alcanzar el estatus Oro, deber\u00e1 acumular 3.000 puntos de apuesta y 150 puntos de dep\u00f3sito. Este nivel incluye bonos de casino m\u00e1s generosos, un gestor VIP dedicado, retiradas m\u00e1s r\u00e1pidas y l\u00edmites m\u00e1s altos.<\/li>\n<li>El nivel superior, denominado Platino, incluye todo lo que ofrece el nivel Oro, adem\u00e1s de prioridad en la cola de retiradas, regalos de gran valor e invitaciones a eventos privados de primer nivel.<\/li>\n<\/ul>\n<p>Para convertirse en miembro VIP, no es necesario realizar ning\u00fan tr\u00e1mite adicional. Solo tiene que jugar activamente a las tragaperras, a los juegos de casino en vivo y a otros juegos, realizar dep\u00f3sitos elevados, ganar a lo grande y participar en nuestros emocionantes eventos. Supervisamos autom\u00e1ticamente la actividad de los jugadores y enviamos invitaciones al club VIP.<\/p>\n<h2>Torneos activos en Oscarspin Casino<\/h2>\n<p>Nuestras promociones incluyen no solo un paquete de bienvenida, bonos sin dep\u00f3sito y un programa VIP. Para aquellos a los que les gusta competir entre s\u00ed y con miles y millones de personas, tenemos una gran selecci\u00f3n de torneos. Aqu\u00ed, tienes que jugar a t\u00edtulos espec\u00edficos, normalmente de las categor\u00edas de tragamonedas o casino en vivo, para ganar puntos y luego tener la oportunidad de ganar y formar parte de la tabla de clasificaci\u00f3n.<\/p>\n<p>En la tabla siguiente, encontrar\u00e1s informaci\u00f3n adicional sobre los torneos actuales disponibles en Oscar Spin Casino.<\/p>\n<table>\n<tbody>\n<tr>\n<td>Nombre del torneo<\/td>\n<td>Monte de premios<\/td>\n<\/tr>\n<tr>\n<td>Giro de la Suerte Diario<\/td>\n<td>2.000 \u20ac<\/td>\n<\/tr>\n<tr>\n<td>Spinoleague<\/td>\n<td>12.000.000 \u20ac<\/td>\n<\/tr>\n<\/tbody>\n<\/table>\n<h2>T\u00e9rminos y condiciones de las bonificaciones<\/h2>\n<p>Para aprovechar al m\u00e1ximo las emocionantes promociones de Oscarspin Casino, es importante comprender y seguir nuestros t\u00e9rminos y condiciones de bonificaci\u00f3n. Estas reglas garantizan el juego limpio y evitan el abuso de nuestras ofertas.<\/p>\n<ul>\n<li>Debes cumplir los requisitos de apuesta especificados antes de poder retirar las ganancias obtenidas con los giros gratis o el dinero de bonificaci\u00f3n.<\/li>\n<li>Evita utilizar trucos o estrategias que intenten explotar las bonificaciones de forma desleal o alargarlas. Esto incluye patrones de juego que vayan en contra del esp\u00edritu del juego limpio.<\/li>\n<li>Solo puede estar activa una bonificaci\u00f3n a la vez. Aseg\u00farate de haber completado la actual antes de activar una nueva oferta.<\/li>\n<li>Antes de reclamar cualquier bonificaci\u00f3n, aseg\u00farese de que los datos de su cuenta sean correctos y coincidan con su informaci\u00f3n personal. Las bonificaciones son solo para uso personal y no se pueden reclamar en nombre de otra persona.<\/li>\n<\/ul>\n<p>Cumplir estas normas te garantizar\u00e1 una experiencia fluida y segura, al tiempo que podr\u00e1s disfrutar de todas las fant\u00e1sticas recompensas que ofrece Oscarspin Casino.<\/p>\n<h2>Preguntas frecuentes<\/h2>\n<h3>\u00bfCon qu\u00e9 frecuencia lanza Oscarspin Casino nuevos bonos?<\/h3>\n<p>En Oscarspin Casino, se a\u00f1aden regularmente nuevos bonos y promociones para mantener el inter\u00e9s. Podr\u00e1s disfrutar de ofertas diarias, ofertas semanales y eventos especiales de temporada durante todo el a\u00f1o. Actualizamos la p\u00e1gina de promociones con frecuencia, as\u00ed que aseg\u00farate de consultarla a menudo. Adem\u00e1s, no pierdas de vista tu bandeja de entrada: te enviaremos notificaciones para que nunca te pierdas un bono o un evento por tiempo limitado.<\/p>\n<h3>\u00bfC\u00f3mo puedo reclamar el paquete de bienvenida en Oscarspin Casino?<\/h3>\n<p>Reclamar tu bono de bienvenida en Oscarspin Casino es muy sencillo. Solo tienes que registrarte y realizar tu primer dep\u00f3sito. La recompensa se abonar\u00e1 autom\u00e1ticamente en tu cuenta, sin necesidad de realizar ning\u00fan paso adicional. Si se requiere un c\u00f3digo de bono para una oferta espec\u00edfica, aseg\u00farate de introducirlo correctamente al realizar tu dep\u00f3sito.<\/p>\n<h3>\u00bfC\u00f3mo puedo consultar las condiciones de los bonos en Oscar Spin Casino?<\/h3>\n<p>Para ver todos los detalles de cualquier bonificaci\u00f3n, simplemente haga clic en la oferta que prefiera. Cada promoci\u00f3n incluye un enlace a los \u00abT\u00e9rminos y condiciones\u00bb. Siempre hay una p\u00e1gina dedicada, \u00abCuentas, pagos y bonificaciones\u00bb, donde puede encontrar informaci\u00f3n general sobre todas las ofertas de Oscarspin. Lea siempre los t\u00e9rminos y condiciones antes de reclamar una bonificaci\u00f3n para asegurarse de que sabe exactamente lo que se requiere.<\/p>\n<h3>\u00bfC\u00f3mo convertirse en jugador VIP en Oscarspin Casino?<\/h3>\n<p>Puedes convertirte en miembro VIP si eres activo y fiel a Oscar Spin. No es necesario que realices ning\u00fan paso adicional. Solo tienes que jugar activamente, realizar dep\u00f3sitos elevados y ganar a lo grande. Tambi\u00e9n te recomendamos que participes en nuestros eventos, como torneos, ofertas de temporada, bonificaciones y mucho m\u00e1s. Al ganar puntos de apuesta y dep\u00f3sito, puedes alcanzar un nivel VIP m\u00e1s alto.<\/p>\n<\/div><\/div><\/span><\/p>\n","protected":false},"excerpt":{"rendered":"<p>Promociones del casino Oscarspin Sabemos que la emoci\u00f3n de conseguir una gran ganancia en las m\u00e1quinas tragamonedas o en los juegos de casino en vivo ya es gratificante para muchos jugadores que eligen nuestra plataforma, pero tambi\u00e9n puedes aprovechar el enorme sistema de Oscarspin Casino bono. Trabajamos constantemente para ofrecer a nuestros jugadores ofertas m\u00e1s [&hellip;]<\/p>\n","protected":false},"author":1,"featured_media":0,"parent":0,"menu_order":0,"comment_status":"closed","ping_status":"closed","template":"template-builder.php","meta":{"_acf_changed":false,"inline_featured_image":false,"footnotes":""},"class_list":["post-1347","page","type-page","status-publish","hentry"],"acf":[],"yoast_head":"<!-- This site is optimized with the Yoast SEO plugin v27.3 - https:\/\/yoast.com\/product\/yoast-seo-wordpress\/ -->\n<title>Oscarspin Casino | Promociones y C\u00f3digos de Bono<\/title>\n<meta name=\"description\" content=\"Reclama tu Bono de Oscarspin Casino: hasta 4500 \u20ac + 350 giros gratis. Descubre c\u00f3digos de bono, bonos de recarga, recompensas de fidelidad y torneos exclusivos.\" \/>\n<meta name=\"robots\" content=\"index, follow, max-snippet:-1, max-image-preview:large, max-video-preview:-1\" \/>\n<link rel=\"canonical\" href=\"https:\/\/oscar-spin.com\/es\/promotions\/\" \/>\n<meta property=\"og:locale\" content=\"es_ES\" \/>\n<meta property=\"og:type\" content=\"article\" \/>\n<meta property=\"og:title\" content=\"Oscarspin Casino | Promociones y C\u00f3digos de Bono\" \/>\n<meta property=\"og:description\" content=\"Reclama tu Bono de Oscarspin Casino: hasta 4500 \u20ac + 350 giros gratis. Descubre c\u00f3digos de bono, bonos de recarga, recompensas de fidelidad y torneos exclusivos.\" \/>\n<meta property=\"og:url\" content=\"https:\/\/oscar-spin.com\/es\/promotions\/\" \/>\n<meta property=\"og:site_name\" content=\"oscar-spin\" \/>\n<meta property=\"article:modified_time\" content=\"2026-01-28T08:46:26+00:00\" \/>\n<meta name=\"twitter:card\" content=\"summary_large_image\" \/>\n<meta name=\"twitter:label1\" content=\"Est. reading time\" \/>\n\t<meta name=\"twitter:data1\" content=\"1 minuto\" \/>\n<script type=\"application\/ld+json\" class=\"yoast-schema-graph\">{\"@context\":\"https:\\\/\\\/schema.org\",\"@graph\":[{\"@type\":\"WebPage\",\"@id\":\"https:\\\/\\\/oscar-spin.com\\\/es\\\/promotions\\\/\",\"url\":\"https:\\\/\\\/oscar-spin.com\\\/es\\\/promotions\\\/\",\"name\":\"Oscarspin Casino | Promociones y C\u00f3digos de Bono\",\"isPartOf\":{\"@id\":\"https:\\\/\\\/oscar-spin.com\\\/es\\\/#website\"},\"datePublished\":\"2025-06-25T10:40:08+00:00\",\"dateModified\":\"2026-01-28T08:46:26+00:00\",\"description\":\"Reclama tu Bono de Oscarspin Casino: hasta 4500 \u20ac + 350 giros gratis. Descubre c\u00f3digos de bono, bonos de recarga, recompensas de fidelidad y torneos exclusivos.\",\"breadcrumb\":{\"@id\":\"https:\\\/\\\/oscar-spin.com\\\/es\\\/promotions\\\/#breadcrumb\"},\"inLanguage\":\"es\",\"potentialAction\":[{\"@type\":\"ReadAction\",\"target\":[\"https:\\\/\\\/oscar-spin.com\\\/es\\\/promotions\\\/\"]}]},{\"@type\":\"BreadcrumbList\",\"@id\":\"https:\\\/\\\/oscar-spin.com\\\/es\\\/promotions\\\/#breadcrumb\",\"itemListElement\":[{\"@type\":\"ListItem\",\"position\":1,\"name\":\"Oscarspin\",\"item\":\"https:\\\/\\\/oscar-spin.com\\\/es\\\/\"},{\"@type\":\"ListItem\",\"position\":2,\"name\":\"Promociones\"}]},{\"@type\":\"WebSite\",\"@id\":\"https:\\\/\\\/oscar-spin.com\\\/es\\\/#website\",\"url\":\"https:\\\/\\\/oscar-spin.com\\\/es\\\/\",\"name\":\"Oscarspin\",\"description\":\"\",\"publisher\":{\"@id\":\"https:\\\/\\\/oscar-spin.com\\\/es\\\/#organization\"},\"potentialAction\":[{\"@type\":\"SearchAction\",\"target\":{\"@type\":\"EntryPoint\",\"urlTemplate\":\"https:\\\/\\\/oscar-spin.com\\\/es\\\/?s={search_term_string}\"},\"query-input\":{\"@type\":\"PropertyValueSpecification\",\"valueRequired\":true,\"valueName\":\"search_term_string\"}}],\"inLanguage\":\"es\"},{\"@type\":\"Organization\",\"@id\":\"https:\\\/\\\/oscar-spin.com\\\/es\\\/#organization\",\"name\":\"Oscarspin\",\"url\":\"https:\\\/\\\/oscar-spin.com\\\/es\\\/\",\"logo\":{\"@type\":\"ImageObject\",\"inLanguage\":\"es\",\"@id\":\"https:\\\/\\\/oscar-spin.com\\\/es\\\/#\\\/schema\\\/logo\\\/image\\\/\",\"url\":\"https:\\\/\\\/oscar-spin.com\\\/wp-content\\\/uploads\\\/2025\\\/04\\\/KeIS1eTvcSVRrxjd4vQ2.png\",\"contentUrl\":\"https:\\\/\\\/oscar-spin.com\\\/wp-content\\\/uploads\\\/2025\\\/04\\\/KeIS1eTvcSVRrxjd4vQ2.png\",\"width\":160,\"height\":48,\"caption\":\"Oscarspin\"},\"image\":{\"@id\":\"https:\\\/\\\/oscar-spin.com\\\/es\\\/#\\\/schema\\\/logo\\\/image\\\/\"}}]}<\/script>\n<!-- \/ Yoast SEO plugin. -->","yoast_head_json":{"title":"Oscarspin Casino | Promociones y C\u00f3digos de Bono","description":"Reclama tu Bono de Oscarspin Casino: hasta 4500 \u20ac + 350 giros gratis. Descubre c\u00f3digos de bono, bonos de recarga, recompensas de fidelidad y torneos exclusivos.","robots":{"index":"index","follow":"follow","max-snippet":"max-snippet:-1","max-image-preview":"max-image-preview:large","max-video-preview":"max-video-preview:-1"},"canonical":"https:\/\/oscar-spin.com\/es\/promotions\/","og_locale":"es_ES","og_type":"article","og_title":"Oscarspin Casino | Promociones y C\u00f3digos de Bono","og_description":"Reclama tu Bono de Oscarspin Casino: hasta 4500 \u20ac + 350 giros gratis. Descubre c\u00f3digos de bono, bonos de recarga, recompensas de fidelidad y torneos exclusivos.","og_url":"https:\/\/oscar-spin.com\/es\/promotions\/","og_site_name":"oscar-spin","article_modified_time":"2026-01-28T08:46:26+00:00","twitter_card":"summary_large_image","twitter_misc":{"Est. reading time":"1 minuto"},"schema":{"@context":"https:\/\/schema.org","@graph":[{"@type":"WebPage","@id":"https:\/\/oscar-spin.com\/es\/promotions\/","url":"https:\/\/oscar-spin.com\/es\/promotions\/","name":"Oscarspin Casino | Promociones y C\u00f3digos de Bono","isPartOf":{"@id":"https:\/\/oscar-spin.com\/es\/#website"},"datePublished":"2025-06-25T10:40:08+00:00","dateModified":"2026-01-28T08:46:26+00:00","description":"Reclama tu Bono de Oscarspin Casino: hasta 4500 \u20ac + 350 giros gratis. Descubre c\u00f3digos de bono, bonos de recarga, recompensas de fidelidad y torneos exclusivos.","breadcrumb":{"@id":"https:\/\/oscar-spin.com\/es\/promotions\/#breadcrumb"},"inLanguage":"es","potentialAction":[{"@type":"ReadAction","target":["https:\/\/oscar-spin.com\/es\/promotions\/"]}]},{"@type":"BreadcrumbList","@id":"https:\/\/oscar-spin.com\/es\/promotions\/#breadcrumb","itemListElement":[{"@type":"ListItem","position":1,"name":"Oscarspin","item":"https:\/\/oscar-spin.com\/es\/"},{"@type":"ListItem","position":2,"name":"Promociones"}]},{"@type":"WebSite","@id":"https:\/\/oscar-spin.com\/es\/#website","url":"https:\/\/oscar-spin.com\/es\/","name":"Oscarspin","description":"","publisher":{"@id":"https:\/\/oscar-spin.com\/es\/#organization"},"potentialAction":[{"@type":"SearchAction","target":{"@type":"EntryPoint","urlTemplate":"https:\/\/oscar-spin.com\/es\/?s={search_term_string}"},"query-input":{"@type":"PropertyValueSpecification","valueRequired":true,"valueName":"search_term_string"}}],"inLanguage":"es"},{"@type":"Organization","@id":"https:\/\/oscar-spin.com\/es\/#organization","name":"Oscarspin","url":"https:\/\/oscar-spin.com\/es\/","logo":{"@type":"ImageObject","inLanguage":"es","@id":"https:\/\/oscar-spin.com\/es\/#\/schema\/logo\/image\/","url":"https:\/\/oscar-spin.com\/wp-content\/uploads\/2025\/04\/KeIS1eTvcSVRrxjd4vQ2.png","contentUrl":"https:\/\/oscar-spin.com\/wp-content\/uploads\/2025\/04\/KeIS1eTvcSVRrxjd4vQ2.png","width":160,"height":48,"caption":"Oscarspin"},"image":{"@id":"https:\/\/oscar-spin.com\/es\/#\/schema\/logo\/image\/"}}]}},"_links":{"self":[{"href":"https:\/\/oscar-spin.com\/es\/wp-json\/wp\/v2\/pages\/1347","targetHints":{"allow":["GET"]}}],"collection":[{"href":"https:\/\/oscar-spin.com\/es\/wp-json\/wp\/v2\/pages"}],"about":[{"href":"https:\/\/oscar-spin.com\/es\/wp-json\/wp\/v2\/types\/page"}],"author":[{"embeddable":true,"href":"https:\/\/oscar-spin.com\/es\/wp-json\/wp\/v2\/users\/1"}],"replies":[{"embeddable":true,"href":"https:\/\/oscar-spin.com\/es\/wp-json\/wp\/v2\/comments?post=1347"}],"version-history":[{"count":6,"href":"https:\/\/oscar-spin.com\/es\/wp-json\/wp\/v2\/pages\/1347\/revisions"}],"predecessor-version":[{"id":1438,"href":"https:\/\/oscar-spin.com\/es\/wp-json\/wp\/v2\/pages\/1347\/revisions\/1438"}],"wp:attachment":[{"href":"https:\/\/oscar-spin.com\/es\/wp-json\/wp\/v2\/media?parent=1347"}],"curies":[{"name":"wp","href":"https:\/\/api.w.org\/{rel}","templated":true}]}}